{"id":496,"date":"2023-11-24T17:15:24","date_gmt":"2023-11-24T22:15:24","guid":{"rendered":"https:\/\/comunicer.com\/?page_id=496"},"modified":"2024-01-18T13:25:50","modified_gmt":"2024-01-18T18:25:50","slug":"proyectos","status":"publish","type":"page","link":"https:\/\/comunicer.com\/?page_id=496","title":{"rendered":"Proyectos"},"content":{"rendered":"\t\t<div data-elementor-type=\"wp-page\" data-elementor-id=\"496\" class=\"elementor elementor-496\">\n\t\t\t\t<div class=\"elementor-element elementor-element-0fde3da e-flex e-con-boxed e-con e-parent\" data-id=\"0fde3da\" data-element_type=\"container\" data-e-type=\"container\">\n\t\t\t\t\t<div class=\"e-con-inner\">\n\t\t<div class=\"elementor-element elementor-element-6cc5326 e-con-full e-flex e-con e-child\" data-id=\"6cc5326\" data-element_type=\"container\" data-e-type=\"container\">\n\t\t\t\t<div class=\"elementor-element elementor-element-d0f3dac elementor-widget elementor-widget-heading\" data-id=\"d0f3dac\" data-element_type=\"widget\" data-e-type=\"widget\" data-widget_type=\"heading.default\">\n\t\t\t\t<div class=\"elementor-widget-container\">\n\t\t\t\t\t<h2 class=\"elementor-heading-title elementor-size-default\">Proyectos <br>Especiales.<\/h2>\t\t\t\t<\/div>\n\t\t\t\t<\/div>\n\t\t\t\t<\/div>\n\t\t<div class=\"elementor-element elementor-element-dc87d37 e-con-full e-flex e-con e-child\" data-id=\"dc87d37\" data-element_type=\"container\" data-e-type=\"container\">\n\t\t\t\t<div class=\"elementor-element elementor-element-01b206e elementor-widget elementor-widget-text-editor\" data-id=\"01b206e\" data-element_type=\"widget\" data-e-type=\"widget\" data-widget_type=\"text-editor.default\">\n\t\t\t\t<div class=\"elementor-widget-container\">\n\t\t\t\t\t\t\t\t\t<p>Los proyectos se desarrollan seg\u00fan necesidades espec\u00edficas del cliente y seg\u00fan la complejidad se estructuran bajo diferentes metodolog\u00edas, como la del PMBOK.<\/p>\t\t\t\t\t\t\t\t<\/div>\n\t\t\t\t<\/div>\n\t\t\t\t<\/div>\n\t\t\t\t\t<\/div>\n\t\t\t\t<\/div>\n\t\t<div class=\"elementor-element elementor-element-4806d52 e-flex e-con-boxed e-con e-parent\" data-id=\"4806d52\" data-element_type=\"container\" data-e-type=\"container\">\n\t\t\t\t\t<div class=\"e-con-inner\">\n\t\t\t\t\t<\/div>\n\t\t\t\t<\/div>\n\t\t\t\t<\/div>\n\t\t","protected":false},"excerpt":{"rendered":"<p>Proyectos Especiales. Los proyectos se desarrollan seg\u00fan necesidades espec\u00edficas del cliente y seg\u00fan la complejidad se estructuran bajo diferentes metodolog\u00edas, como la del PMBOK.<\/p>\n","protected":false},"author":1,"featured_media":0,"parent":0,"menu_order":0,"comment_status":"closed","ping_status":"closed","template":"page-templates\/template-pagebuilder-full-width.php","meta":{"neve_meta_sidebar":"","neve_meta_container":"","neve_meta_enable_content_width":"","neve_meta_content_width":0,"neve_meta_title_alignment":"","neve_meta_author_avatar":"","neve_post_elements_order":"","neve_meta_disable_header":"","neve_meta_disable_footer":"","neve_meta_disable_title":"","_themeisle_gutenberg_block_has_review":false,"footnotes":""},"class_list":["post-496","page","type-page","status-publish","hentry"],"yoast_head":"<!-- This site is optimized with the Yoast SEO plugin v22.7 - https:\/\/yoast.com\/wordpress\/plugins\/seo\/ -->\n<title>Proyectos |<\/title>\n<meta name=\"robots\" content=\"index, follow, max-snippet:-1, max-image-preview:large, max-video-preview:-1\" \/>\n<link rel=\"canonical\" href=\"https:\/\/comunicer.com\/?page_id=496\" \/>\n<meta property=\"og:locale\" content=\"es_ES\" \/>\n<meta property=\"og:type\" content=\"article\" \/>\n<meta property=\"og:title\" content=\"Proyectos |\" \/>\n<meta property=\"og:description\" content=\"Proyectos Especiales. Los proyectos se desarrollan seg\u00fan necesidades espec\u00edficas del cliente y seg\u00fan la complejidad se estructuran bajo diferentes metodolog\u00edas, como la del PMBOK.\" \/>\n<meta property=\"og:url\" content=\"https:\/\/comunicer.com\/?page_id=496\" \/>\n<meta property=\"og:site_name\" content=\"Comunicer\" \/>\n<meta property=\"article:publisher\" content=\"https:\/\/www.facebook.com\/profile.php?id=100090810842302\" \/>\n<meta property=\"article:modified_time\" content=\"2024-01-18T18:25:50+00:00\" \/>\n<meta property=\"og:image\" content=\"https:\/\/comunicer.com\/wp-content\/uploads\/2024\/01\/comunicer-2.png\" \/>\n\t<meta property=\"og:image:width\" content=\"466\" \/>\n\t<meta property=\"og:image:height\" content=\"143\" \/>\n\t<meta property=\"og:image:type\" content=\"image\/png\" \/>\n<meta name=\"twitter:card\" content=\"summary_large_image\" \/>\n<script type=\"application\/ld+json\" class=\"yoast-schema-graph\">{\"@context\":\"https:\/\/schema.org\",\"@graph\":[{\"@type\":\"WebPage\",\"@id\":\"https:\/\/comunicer.com\/?page_id=496\",\"url\":\"https:\/\/comunicer.com\/?page_id=496\",\"name\":\"Proyectos |\",\"isPartOf\":{\"@id\":\"https:\/\/comunicer.com\/#website\"},\"datePublished\":\"2023-11-24T22:15:24+00:00\",\"dateModified\":\"2024-01-18T18:25:50+00:00\",\"breadcrumb\":{\"@id\":\"https:\/\/comunicer.com\/?page_id=496#breadcrumb\"},\"inLanguage\":\"es-CO\",\"potentialAction\":[{\"@type\":\"ReadAction\",\"target\":[\"https:\/\/comunicer.com\/?page_id=496\"]}]},{\"@type\":\"BreadcrumbList\",\"@id\":\"https:\/\/comunicer.com\/?page_id=496#breadcrumb\",\"itemListElement\":[{\"@type\":\"ListItem\",\"position\":1,\"name\":\"Inicio\",\"item\":\"https:\/\/comunicer.com\/\"},{\"@type\":\"ListItem\",\"position\":2,\"name\":\"Proyectos\"}]},{\"@type\":\"WebSite\",\"@id\":\"https:\/\/comunicer.com\/#website\",\"url\":\"https:\/\/comunicer.com\/\",\"name\":\"comunicer\",\"description\":\"Somos un sistema digital de formaci\u00f3n flexible, oportuna e innovadora.\",\"publisher\":{\"@id\":\"https:\/\/comunicer.com\/#organization\"},\"potentialAction\":[{\"@type\":\"SearchAction\",\"target\":{\"@type\":\"EntryPoint\",\"urlTemplate\":\"https:\/\/comunicer.com\/?s={search_term_string}\"},\"query-input\":\"required name=search_term_string\"}],\"inLanguage\":\"es-CO\"},{\"@type\":\"Organization\",\"@id\":\"https:\/\/comunicer.com\/#organization\",\"name\":\"Comunicer\",\"url\":\"https:\/\/comunicer.com\/\",\"logo\":{\"@type\":\"ImageObject\",\"inLanguage\":\"es-CO\",\"@id\":\"https:\/\/comunicer.com\/#\/schema\/logo\/image\/\",\"url\":\"https:\/\/comunicer.com\/wp-content\/uploads\/2023\/11\/cropped-logo_comunicer__1_-removebg-preview-3.png\",\"contentUrl\":\"https:\/\/comunicer.com\/wp-content\/uploads\/2023\/11\/cropped-logo_comunicer__1_-removebg-preview-3.png\",\"width\":512,\"height\":512,\"caption\":\"Comunicer\"},\"image\":{\"@id\":\"https:\/\/comunicer.com\/#\/schema\/logo\/image\/\"},\"sameAs\":[\"https:\/\/www.facebook.com\/profile.php?id=100090810842302\",\"https:\/\/www.youtube.com\/@Comunicer\"]}]}<\/script>\n<!-- \/ Yoast SEO plugin. -->","yoast_head_json":{"title":"Proyectos |","robots":{"index":"index","follow":"follow","max-snippet":"max-snippet:-1","max-image-preview":"max-image-preview:large","max-video-preview":"max-video-preview:-1"},"canonical":"https:\/\/comunicer.com\/?page_id=496","og_locale":"es_ES","og_type":"article","og_title":"Proyectos |","og_description":"Proyectos Especiales. Los proyectos se desarrollan seg\u00fan necesidades espec\u00edficas del cliente y seg\u00fan la complejidad se estructuran bajo diferentes metodolog\u00edas, como la del PMBOK.","og_url":"https:\/\/comunicer.com\/?page_id=496","og_site_name":"Comunicer","article_publisher":"https:\/\/www.facebook.com\/profile.php?id=100090810842302","article_modified_time":"2024-01-18T18:25:50+00:00","og_image":[{"width":466,"height":143,"url":"https:\/\/comunicer.com\/wp-content\/uploads\/2024\/01\/comunicer-2.png","type":"image\/png"}],"twitter_card":"summary_large_image","schema":{"@context":"https:\/\/schema.org","@graph":[{"@type":"WebPage","@id":"https:\/\/comunicer.com\/?page_id=496","url":"https:\/\/comunicer.com\/?page_id=496","name":"Proyectos |","isPartOf":{"@id":"https:\/\/comunicer.com\/#website"},"datePublished":"2023-11-24T22:15:24+00:00","dateModified":"2024-01-18T18:25:50+00:00","breadcrumb":{"@id":"https:\/\/comunicer.com\/?page_id=496#breadcrumb"},"inLanguage":"es-CO","potentialAction":[{"@type":"ReadAction","target":["https:\/\/comunicer.com\/?page_id=496"]}]},{"@type":"BreadcrumbList","@id":"https:\/\/comunicer.com\/?page_id=496#breadcrumb","itemListElement":[{"@type":"ListItem","position":1,"name":"Inicio","item":"https:\/\/comunicer.com\/"},{"@type":"ListItem","position":2,"name":"Proyectos"}]},{"@type":"WebSite","@id":"https:\/\/comunicer.com\/#website","url":"https:\/\/comunicer.com\/","name":"comunicer","description":"Somos un sistema digital de formaci\u00f3n flexible, oportuna e innovadora.","publisher":{"@id":"https:\/\/comunicer.com\/#organization"},"potentialAction":[{"@type":"SearchAction","target":{"@type":"EntryPoint","urlTemplate":"https:\/\/comunicer.com\/?s={search_term_string}"},"query-input":"required name=search_term_string"}],"inLanguage":"es-CO"},{"@type":"Organization","@id":"https:\/\/comunicer.com\/#organization","name":"Comunicer","url":"https:\/\/comunicer.com\/","logo":{"@type":"ImageObject","inLanguage":"es-CO","@id":"https:\/\/comunicer.com\/#\/schema\/logo\/image\/","url":"https:\/\/comunicer.com\/wp-content\/uploads\/2023\/11\/cropped-logo_comunicer__1_-removebg-preview-3.png","contentUrl":"https:\/\/comunicer.com\/wp-content\/uploads\/2023\/11\/cropped-logo_comunicer__1_-removebg-preview-3.png","width":512,"height":512,"caption":"Comunicer"},"image":{"@id":"https:\/\/comunicer.com\/#\/schema\/logo\/image\/"},"sameAs":["https:\/\/www.facebook.com\/profile.php?id=100090810842302","https:\/\/www.youtube.com\/@Comunicer"]}]}},"_links":{"self":[{"href":"https:\/\/comunicer.com\/index.php?rest_route=\/wp\/v2\/pages\/496","targetHints":{"allow":["GET"]}}],"collection":[{"href":"https:\/\/comunicer.com\/index.php?rest_route=\/wp\/v2\/pages"}],"about":[{"href":"https:\/\/comunicer.com\/index.php?rest_route=\/wp\/v2\/types\/page"}],"author":[{"embeddable":true,"href":"https:\/\/comunicer.com\/index.php?rest_route=\/wp\/v2\/users\/1"}],"replies":[{"embeddable":true,"href":"https:\/\/comunicer.com\/index.php?rest_route=%2Fwp%2Fv2%2Fcomments&post=496"}],"version-history":[{"count":13,"href":"https:\/\/comunicer.com\/index.php?rest_route=\/wp\/v2\/pages\/496\/revisions"}],"predecessor-version":[{"id":993,"href":"https:\/\/comunicer.com\/index.php?rest_route=\/wp\/v2\/pages\/496\/revisions\/993"}],"wp:attachment":[{"href":"https:\/\/comunicer.com\/index.php?rest_route=%2Fwp%2Fv2%2Fmedia&parent=496"}],"curies":[{"name":"wp","href":"https:\/\/api.w.org\/{rel}","templated":true}]}}