{"id":499,"date":"2023-11-24T17:15:24","date_gmt":"2023-11-24T22:15:24","guid":{"rendered":"https:\/\/comunicer.com\/?page_id=499"},"modified":"2024-02-20T12:36:04","modified_gmt":"2024-02-20T17:36:04","slug":"consultoria-auditoria","status":"publish","type":"page","link":"https:\/\/comunicer.com\/?page_id=499","title":{"rendered":"Consultor\u00eda \/ Auditoria"},"content":{"rendered":"\t\t<div data-elementor-type=\"wp-page\" data-elementor-id=\"499\" class=\"elementor elementor-499\">\n\t\t\t\t<div class=\"elementor-element elementor-element-83b9f71 e-flex e-con-boxed e-con e-parent\" data-id=\"83b9f71\" data-element_type=\"container\" data-e-type=\"container\">\n\t\t\t\t\t<div class=\"e-con-inner\">\n\t\t<div class=\"elementor-element elementor-element-6846094 e-con-full e-flex e-con e-child\" data-id=\"6846094\" data-element_type=\"container\" data-e-type=\"container\">\n\t\t\t\t<div class=\"elementor-element elementor-element-2d1759a elementor-widget elementor-widget-heading\" data-id=\"2d1759a\" data-element_type=\"widget\" data-e-type=\"widget\" data-widget_type=\"heading.default\">\n\t\t\t\t<div class=\"elementor-widget-container\">\n\t\t\t\t\t<h2 class=\"elementor-heading-title elementor-size-default\">Consultor\u00eda.<\/h2>\t\t\t\t<\/div>\n\t\t\t\t<\/div>\n\t\t\t\t<\/div>\n\t\t<div class=\"elementor-element elementor-element-91cf24f e-con-full e-flex e-con e-child\" data-id=\"91cf24f\" data-element_type=\"container\" data-e-type=\"container\">\n\t\t\t\t<div class=\"elementor-element elementor-element-f6b6eb6 elementor-widget elementor-widget-heading\" data-id=\"f6b6eb6\" data-element_type=\"widget\" data-e-type=\"widget\" data-widget_type=\"heading.default\">\n\t\t\t\t<div class=\"elementor-widget-container\">\n\t\t\t\t\t<h2 class=\"elementor-heading-title elementor-size-default\">Auditoria.<\/h2>\t\t\t\t<\/div>\n\t\t\t\t<\/div>\n\t\t\t\t<\/div>\n\t\t\t\t\t<\/div>\n\t\t\t\t<\/div>\n\t\t<div class=\"elementor-element elementor-element-3f46cce e-flex e-con-boxed e-con e-parent\" data-id=\"3f46cce\" data-element_type=\"container\" data-e-type=\"container\">\n\t\t\t\t\t<div class=\"e-con-inner\">\n\t\t<div class=\"elementor-element elementor-element-ab18b3f e-con-full e-flex e-con e-child\" data-id=\"ab18b3f\" data-element_type=\"container\" data-e-type=\"container\">\n\t\t\t\t<div class=\"elementor-element elementor-element-a327c62 elementor-widget elementor-widget-text-editor\" data-id=\"a327c62\" data-element_type=\"widget\" data-e-type=\"widget\" data-widget_type=\"text-editor.default\">\n\t\t\t\t<div class=\"elementor-widget-container\">\n\t\t\t\t\t\t\t\t\t<p>La consultor\u00eda se centra en proponer soluciones a temas concretos de la empresa, entendiendo y enfoc\u00e1ndose<br \/>en las problem\u00e1ticas y \u00e1reas potenciales de mejora.<\/p><ul><li>Cadena de suministro<\/li><li>Compras<\/li><li>Inventarios<\/li><li>Almacenamiento<\/li><li>Negociaci\u00f3n<\/li><li>Incoterms<\/li><li>Gesti\u00f3n de cumplimiento\/compliance<\/li><li>Servicio al cliente<\/li><li>Catedra chuensuca: corrupci\u00f3n y \u00e9tica empresarial<\/li><\/ul>\t\t\t\t\t\t\t\t<\/div>\n\t\t\t\t<\/div>\n\t\t\t\t<\/div>\n\t\t<div class=\"elementor-element elementor-element-bba7225 e-con-full e-flex e-con e-child\" data-id=\"bba7225\" data-element_type=\"container\" data-e-type=\"container\">\n\t\t\t\t<div class=\"elementor-element elementor-element-7e0be31 elementor-widget elementor-widget-text-editor\" data-id=\"7e0be31\" data-element_type=\"widget\" data-e-type=\"widget\" data-widget_type=\"text-editor.default\">\n\t\t\t\t<div class=\"elementor-widget-container\">\n\t\t\t\t\t\t\t\t\t<p>La auditoria busca apoyar a la empresa en la verificaci\u00f3n del cumplimiento de requerimientos en procesos<br \/>de gesti\u00f3n. Se considera igualmente la verificaci\u00f3n referente a normas tales como las ISO.<\/p><ul><li>Compras<\/li><li><p>Sistemas De Gesti\u00f3n Integrada Para El Cumplimiento: ISO 37001:2016, ISO 37301:2021 Y SARLAF<\/p><\/li><\/ul>\t\t\t\t\t\t\t\t<\/div>\n\t\t\t\t<\/div>\n\t\t\t\t<\/div>\n\t\t\t\t\t<\/div>\n\t\t\t\t<\/div>\n\t\t<div class=\"elementor-element elementor-element-c5454da e-flex e-con-boxed e-con e-parent\" data-id=\"c5454da\" data-element_type=\"container\" data-e-type=\"container\">\n\t\t\t\t\t<div class=\"e-con-inner\">\n\t\t\t\t<div class=\"elementor-element elementor-element-589431c elementor-widget elementor-widget-html\" data-id=\"589431c\" data-element_type=\"widget\" data-e-type=\"widget\" data-widget_type=\"html.default\">\n\t\t\t\t<div class=\"elementor-widget-container\">\n\t\t\t\t\t<iframe width=\"640px\" height=\"480px\" src=\"https:\/\/forms.office.com\/Pages\/ResponsePage.aspx?id=XfxX5MsW5kKbvcTOPmAO3D-oeYzzJ9lCtXRqYrjV3ZBUN0pRVUZKNVRTQ1FYOVUxTFFaTDhCQlNNWi4u&embed=true\" frameborder=\"0\" marginwidth=\"0\" marginheight=\"0\" style=\"border: none; max-width:100%; max-height:100vh\" allowfullscreen webkitallowfullscreen mozallowfullscreen msallowfullscreen> <\/iframe>\t\t\t\t<\/div>\n\t\t\t\t<\/div>\n\t\t\t\t\t<\/div>\n\t\t\t\t<\/div>\n\t\t\t\t<\/div>\n\t\t","protected":false},"excerpt":{"rendered":"<p>Consultor\u00eda. Auditoria. La consultor\u00eda se centra en proponer soluciones a temas concretos de la empresa, entendiendo y enfoc\u00e1ndoseen las problem\u00e1ticas y \u00e1reas potenciales de mejora. Cadena de suministro Compras Inventarios Almacenamiento Negociaci\u00f3n Incoterms Gesti\u00f3n de cumplimiento\/compliance Servicio al cliente Catedra chuensuca: corrupci\u00f3n y \u00e9tica empresarial La auditoria busca apoyar a la empresa en la verificaci\u00f3n&hellip;&nbsp;<a href=\"https:\/\/comunicer.com\/?page_id=499\" class=\"\" rel=\"bookmark\">Leer m\u00e1s &raquo;<span class=\"screen-reader-text\">Consultor\u00eda \/ Auditoria<\/span><\/a><\/p>\n","protected":false},"author":1,"featured_media":0,"parent":0,"menu_order":0,"comment_status":"closed","ping_status":"closed","template":"page-templates\/template-pagebuilder-full-width.php","meta":{"neve_meta_sidebar":"","neve_meta_container":"","neve_meta_enable_content_width":"","neve_meta_content_width":0,"neve_meta_title_alignment":"","neve_meta_author_avatar":"","neve_post_elements_order":"","neve_meta_disable_header":"","neve_meta_disable_footer":"","neve_meta_disable_title":"","_themeisle_gutenberg_block_has_review":false,"footnotes":""},"class_list":["post-499","page","type-page","status-publish","hentry"],"yoast_head":"<!-- This site is optimized with the Yoast SEO plugin v22.7 - https:\/\/yoast.com\/wordpress\/plugins\/seo\/ -->\n<title>Consultor\u00eda \/ Auditoria |<\/title>\n<meta name=\"robots\" content=\"index, follow, max-snippet:-1, max-image-preview:large, max-video-preview:-1\" \/>\n<link rel=\"canonical\" href=\"https:\/\/comunicer.com\/?page_id=499\" \/>\n<meta property=\"og:locale\" content=\"es_ES\" \/>\n<meta property=\"og:type\" content=\"article\" \/>\n<meta property=\"og:title\" content=\"Consultor\u00eda \/ Auditoria |\" \/>\n<meta property=\"og:description\" content=\"Consultor\u00eda. Auditoria. La consultor\u00eda se centra en proponer soluciones a temas concretos de la empresa, entendiendo y enfoc\u00e1ndoseen las problem\u00e1ticas y \u00e1reas potenciales de mejora. Cadena de suministro Compras Inventarios Almacenamiento Negociaci\u00f3n Incoterms Gesti\u00f3n de cumplimiento\/compliance Servicio al cliente Catedra chuensuca: corrupci\u00f3n y \u00e9tica empresarial La auditoria busca apoyar a la empresa en la verificaci\u00f3n&hellip;&nbsp;Leer m\u00e1s &raquo;Consultor\u00eda \/ Auditoria\" \/>\n<meta property=\"og:url\" content=\"https:\/\/comunicer.com\/?page_id=499\" \/>\n<meta property=\"og:site_name\" content=\"Comunicer\" \/>\n<meta property=\"article:publisher\" content=\"https:\/\/www.facebook.com\/profile.php?id=100090810842302\" \/>\n<meta property=\"article:modified_time\" content=\"2024-02-20T17:36:04+00:00\" \/>\n<meta property=\"og:image\" content=\"https:\/\/comunicer.com\/wp-content\/uploads\/2024\/01\/comunicer-2.png\" \/>\n\t<meta property=\"og:image:width\" content=\"466\" \/>\n\t<meta property=\"og:image:height\" content=\"143\" \/>\n\t<meta property=\"og:image:type\" content=\"image\/png\" \/>\n<meta name=\"twitter:card\" content=\"summary_large_image\" \/>\n<script type=\"application\/ld+json\" class=\"yoast-schema-graph\">{\"@context\":\"https:\/\/schema.org\",\"@graph\":[{\"@type\":\"WebPage\",\"@id\":\"https:\/\/comunicer.com\/?page_id=499\",\"url\":\"https:\/\/comunicer.com\/?page_id=499\",\"name\":\"Consultor\u00eda \/ Auditoria |\",\"isPartOf\":{\"@id\":\"https:\/\/comunicer.com\/#website\"},\"datePublished\":\"2023-11-24T22:15:24+00:00\",\"dateModified\":\"2024-02-20T17:36:04+00:00\",\"breadcrumb\":{\"@id\":\"https:\/\/comunicer.com\/?page_id=499#breadcrumb\"},\"inLanguage\":\"es-CO\",\"potentialAction\":[{\"@type\":\"ReadAction\",\"target\":[\"https:\/\/comunicer.com\/?page_id=499\"]}]},{\"@type\":\"BreadcrumbList\",\"@id\":\"https:\/\/comunicer.com\/?page_id=499#breadcrumb\",\"itemListElement\":[{\"@type\":\"ListItem\",\"position\":1,\"name\":\"Inicio\",\"item\":\"https:\/\/comunicer.com\/\"},{\"@type\":\"ListItem\",\"position\":2,\"name\":\"Consultor\u00eda \/ Auditoria\"}]},{\"@type\":\"WebSite\",\"@id\":\"https:\/\/comunicer.com\/#website\",\"url\":\"https:\/\/comunicer.com\/\",\"name\":\"comunicer\",\"description\":\"Somos un sistema digital de formaci\u00f3n flexible, oportuna e innovadora.\",\"publisher\":{\"@id\":\"https:\/\/comunicer.com\/#organization\"},\"potentialAction\":[{\"@type\":\"SearchAction\",\"target\":{\"@type\":\"EntryPoint\",\"urlTemplate\":\"https:\/\/comunicer.com\/?s={search_term_string}\"},\"query-input\":\"required name=search_term_string\"}],\"inLanguage\":\"es-CO\"},{\"@type\":\"Organization\",\"@id\":\"https:\/\/comunicer.com\/#organization\",\"name\":\"Comunicer\",\"url\":\"https:\/\/comunicer.com\/\",\"logo\":{\"@type\":\"ImageObject\",\"inLanguage\":\"es-CO\",\"@id\":\"https:\/\/comunicer.com\/#\/schema\/logo\/image\/\",\"url\":\"https:\/\/comunicer.com\/wp-content\/uploads\/2023\/11\/cropped-logo_comunicer__1_-removebg-preview-3.png\",\"contentUrl\":\"https:\/\/comunicer.com\/wp-content\/uploads\/2023\/11\/cropped-logo_comunicer__1_-removebg-preview-3.png\",\"width\":512,\"height\":512,\"caption\":\"Comunicer\"},\"image\":{\"@id\":\"https:\/\/comunicer.com\/#\/schema\/logo\/image\/\"},\"sameAs\":[\"https:\/\/www.facebook.com\/profile.php?id=100090810842302\",\"https:\/\/www.youtube.com\/@Comunicer\"]}]}<\/script>\n<!-- \/ Yoast SEO plugin. -->","yoast_head_json":{"title":"Consultor\u00eda \/ Auditoria |","robots":{"index":"index","follow":"follow","max-snippet":"max-snippet:-1","max-image-preview":"max-image-preview:large","max-video-preview":"max-video-preview:-1"},"canonical":"https:\/\/comunicer.com\/?page_id=499","og_locale":"es_ES","og_type":"article","og_title":"Consultor\u00eda \/ Auditoria |","og_description":"Consultor\u00eda. Auditoria. La consultor\u00eda se centra en proponer soluciones a temas concretos de la empresa, entendiendo y enfoc\u00e1ndoseen las problem\u00e1ticas y \u00e1reas potenciales de mejora. Cadena de suministro Compras Inventarios Almacenamiento Negociaci\u00f3n Incoterms Gesti\u00f3n de cumplimiento\/compliance Servicio al cliente Catedra chuensuca: corrupci\u00f3n y \u00e9tica empresarial La auditoria busca apoyar a la empresa en la verificaci\u00f3n&hellip;&nbsp;Leer m\u00e1s &raquo;Consultor\u00eda \/ Auditoria","og_url":"https:\/\/comunicer.com\/?page_id=499","og_site_name":"Comunicer","article_publisher":"https:\/\/www.facebook.com\/profile.php?id=100090810842302","article_modified_time":"2024-02-20T17:36:04+00:00","og_image":[{"width":466,"height":143,"url":"https:\/\/comunicer.com\/wp-content\/uploads\/2024\/01\/comunicer-2.png","type":"image\/png"}],"twitter_card":"summary_large_image","schema":{"@context":"https:\/\/schema.org","@graph":[{"@type":"WebPage","@id":"https:\/\/comunicer.com\/?page_id=499","url":"https:\/\/comunicer.com\/?page_id=499","name":"Consultor\u00eda \/ Auditoria |","isPartOf":{"@id":"https:\/\/comunicer.com\/#website"},"datePublished":"2023-11-24T22:15:24+00:00","dateModified":"2024-02-20T17:36:04+00:00","breadcrumb":{"@id":"https:\/\/comunicer.com\/?page_id=499#breadcrumb"},"inLanguage":"es-CO","potentialAction":[{"@type":"ReadAction","target":["https:\/\/comunicer.com\/?page_id=499"]}]},{"@type":"BreadcrumbList","@id":"https:\/\/comunicer.com\/?page_id=499#breadcrumb","itemListElement":[{"@type":"ListItem","position":1,"name":"Inicio","item":"https:\/\/comunicer.com\/"},{"@type":"ListItem","position":2,"name":"Consultor\u00eda \/ Auditoria"}]},{"@type":"WebSite","@id":"https:\/\/comunicer.com\/#website","url":"https:\/\/comunicer.com\/","name":"comunicer","description":"Somos un sistema digital de formaci\u00f3n flexible, oportuna e innovadora.","publisher":{"@id":"https:\/\/comunicer.com\/#organization"},"potentialAction":[{"@type":"SearchAction","target":{"@type":"EntryPoint","urlTemplate":"https:\/\/comunicer.com\/?s={search_term_string}"},"query-input":"required name=search_term_string"}],"inLanguage":"es-CO"},{"@type":"Organization","@id":"https:\/\/comunicer.com\/#organization","name":"Comunicer","url":"https:\/\/comunicer.com\/","logo":{"@type":"ImageObject","inLanguage":"es-CO","@id":"https:\/\/comunicer.com\/#\/schema\/logo\/image\/","url":"https:\/\/comunicer.com\/wp-content\/uploads\/2023\/11\/cropped-logo_comunicer__1_-removebg-preview-3.png","contentUrl":"https:\/\/comunicer.com\/wp-content\/uploads\/2023\/11\/cropped-logo_comunicer__1_-removebg-preview-3.png","width":512,"height":512,"caption":"Comunicer"},"image":{"@id":"https:\/\/comunicer.com\/#\/schema\/logo\/image\/"},"sameAs":["https:\/\/www.facebook.com\/profile.php?id=100090810842302","https:\/\/www.youtube.com\/@Comunicer"]}]}},"_links":{"self":[{"href":"https:\/\/comunicer.com\/index.php?rest_route=\/wp\/v2\/pages\/499","targetHints":{"allow":["GET"]}}],"collection":[{"href":"https:\/\/comunicer.com\/index.php?rest_route=\/wp\/v2\/pages"}],"about":[{"href":"https:\/\/comunicer.com\/index.php?rest_route=\/wp\/v2\/types\/page"}],"author":[{"embeddable":true,"href":"https:\/\/comunicer.com\/index.php?rest_route=\/wp\/v2\/users\/1"}],"replies":[{"embeddable":true,"href":"https:\/\/comunicer.com\/index.php?rest_route=%2Fwp%2Fv2%2Fcomments&post=499"}],"version-history":[{"count":16,"href":"https:\/\/comunicer.com\/index.php?rest_route=\/wp\/v2\/pages\/499\/revisions"}],"predecessor-version":[{"id":1143,"href":"https:\/\/comunicer.com\/index.php?rest_route=\/wp\/v2\/pages\/499\/revisions\/1143"}],"wp:attachment":[{"href":"https:\/\/comunicer.com\/index.php?rest_route=%2Fwp%2Fv2%2Fmedia&parent=499"}],"curies":[{"name":"wp","href":"https:\/\/api.w.org\/{rel}","templated":true}]}}