{"id":61,"date":"2020-01-23T18:21:52","date_gmt":"2020-01-23T18:21:52","guid":{"rendered":"https:\/\/demosites.io\/web-agency-gb\/?page_id=61"},"modified":"2024-02-20T09:13:25","modified_gmt":"2024-02-20T14:13:25","slug":"15c42-web-agency-gb-about-us","status":"publish","type":"page","link":"https:\/\/comunicer.com\/?page_id=61","title":{"rendered":"About Us"},"content":{"rendered":"\t\t<div data-elementor-type=\"wp-page\" data-elementor-id=\"61\" class=\"elementor elementor-61\">\n\t\t\t\t<div class=\"elementor-element elementor-element-71a6cf e-flex e-con-boxed e-con e-parent\" data-id=\"71a6cf\" data-element_type=\"container\" data-e-type=\"container\">\n\t\t\t\t\t<div class=\"e-con-inner\">\n\t\t\t\t<div class=\"elementor-element elementor-element-5cbb2d2 elementor-widget elementor-widget-heading\" data-id=\"5cbb2d2\" data-element_type=\"widget\" data-e-type=\"widget\" data-widget_type=\"heading.default\">\n\t\t\t\t<div class=\"elementor-widget-container\">\n\t\t\t\t\t<h2 class=\"elementor-heading-title elementor-size-default\">Sobre nosotros...<\/h2>\t\t\t\t<\/div>\n\t\t\t\t<\/div>\n\t\t\t\t\t<\/div>\n\t\t\t\t<\/div>\n\t\t<div class=\"elementor-element elementor-element-446eb19 e-flex e-con-boxed e-con e-parent\" data-id=\"446eb19\" data-element_type=\"container\" data-e-type=\"container\">\n\t\t\t\t\t<div class=\"e-con-inner\">\n\t\t<div class=\"elementor-element elementor-element-7f9caec e-con-full e-flex e-con e-child\" data-id=\"7f9caec\" data-element_type=\"container\" data-e-type=\"container\">\n\t\t\t\t<div class=\"elementor-element elementor-element-9239281 elementor-view-framed elementor-position-inline-start elementor-shape-circle elementor-mobile-position-block-start elementor-widget elementor-widget-icon-box\" data-id=\"9239281\" data-element_type=\"widget\" data-e-type=\"widget\" data-widget_type=\"icon-box.default\">\n\t\t\t\t<div class=\"elementor-widget-container\">\n\t\t\t\t\t\t\t<div class=\"elementor-icon-box-wrapper\">\n\n\t\t\t\t\t\t<div class=\"elementor-icon-box-icon\">\n\t\t\t\t<span  class=\"elementor-icon\">\n\t\t\t\t<svg aria-hidden=\"true\" class=\"e-font-icon-svg e-far-gem\" viewBox=\"0 0 576 512\" xmlns=\"http:\/\/www.w3.org\/2000\/svg\"><path d=\"M464 0H112c-4 0-7.8 2-10 5.4L2 152.6c-2.9 4.4-2.6 10.2.7 14.2l276 340.8c4.8 5.9 13.8 5.9 18.6 0l276-340.8c3.3-4.1 3.6-9.8.7-14.2L474.1 5.4C471.8 2 468.1 0 464 0zm-19.3 48l63.3 96h-68.4l-51.7-96h56.8zm-202.1 0h90.7l51.7 96H191l51.6-96zm-111.3 0h56.8l-51.7 96H68l63.3-96zm-43 144h51.4L208 352 88.3 192zm102.9 0h193.6L288 435.3 191.2 192zM368 352l68.2-160h51.4L368 352z\"><\/path><\/svg>\t\t\t\t<\/span>\n\t\t\t<\/div>\n\t\t\t\n\t\t\t\t\t\t<div class=\"elementor-icon-box-content\">\n\n\t\t\t\t\t\t\t\t\t<h3 class=\"elementor-icon-box-title\">\n\t\t\t\t\t\t<span  >\n\t\t\t\t\t\t\tQue somos\t\t\t\t\t\t<\/span>\n\t\t\t\t\t<\/h3>\n\t\t\t\t\n\t\t\t\t\t\t\t\t\t<p class=\"elementor-icon-box-description\">\n\t\t\t\t\t\tSomos un sistema digital de formaci\u00f3n flexible, oportuna e innovadora y un aliado estrat\u00e9gico del desarrollo del talento humano de su empresa.\t\t\t\t\t<\/p>\n\t\t\t\t\n\t\t\t<\/div>\n\t\t\t\n\t\t<\/div>\n\t\t\t\t\t\t<\/div>\n\t\t\t\t<\/div>\n\t\t\t\t<\/div>\n\t\t<div class=\"elementor-element elementor-element-96fc775 e-con-full e-flex e-con e-child\" data-id=\"96fc775\" data-element_type=\"container\" data-e-type=\"container\">\n\t\t\t\t<div class=\"elementor-element elementor-element-c3b3df6 elementor-widget-tablet__width-initial elementor-view-framed elementor-shape-circle elementor-position-block-start elementor-mobile-position-block-start elementor-widget elementor-widget-icon-box\" data-id=\"c3b3df6\" data-element_type=\"widget\" data-e-type=\"widget\" data-widget_type=\"icon-box.default\">\n\t\t\t\t<div class=\"elementor-widget-container\">\n\t\t\t\t\t\t\t<div class=\"elementor-icon-box-wrapper\">\n\n\t\t\t\t\t\t<div class=\"elementor-icon-box-icon\">\n\t\t\t\t<span  class=\"elementor-icon\">\n\t\t\t\t<svg aria-hidden=\"true\" class=\"e-font-icon-svg e-fas-star\" viewBox=\"0 0 576 512\" xmlns=\"http:\/\/www.w3.org\/2000\/svg\"><path d=\"M259.3 17.8L194 150.2 47.9 171.5c-26.2 3.8-36.7 36.1-17.7 54.6l105.7 103-25 145.5c-4.5 26.3 23.2 46 46.4 33.7L288 439.6l130.7 68.7c23.2 12.2 50.9-7.4 46.4-33.7l-25-145.5 105.7-103c19-18.5 8.5-50.8-17.7-54.6L382 150.2 316.7 17.8c-11.7-23.6-45.6-23.9-57.4 0z\"><\/path><\/svg>\t\t\t\t<\/span>\n\t\t\t<\/div>\n\t\t\t\n\t\t\t\t\t\t<div class=\"elementor-icon-box-content\">\n\n\t\t\t\t\t\t\t\t\t<h3 class=\"elementor-icon-box-title\">\n\t\t\t\t\t\t<span  >\n\t\t\t\t\t\t\tNacimos\t\t\t\t\t\t<\/span>\n\t\t\t\t\t<\/h3>\n\t\t\t\t\n\t\t\t\t\t\t\t\t\t<p class=\"elementor-icon-box-description\">\n\t\t\t\t\t\tFue fundada en el 2008\t\t\t\t\t<\/p>\n\t\t\t\t\n\t\t\t<\/div>\n\t\t\t\n\t\t<\/div>\n\t\t\t\t\t\t<\/div>\n\t\t\t\t<\/div>\n\t\t\t\t<\/div>\n\t\t<div class=\"elementor-element elementor-element-77907d3 e-con-full e-flex e-con e-child\" data-id=\"77907d3\" data-element_type=\"container\" data-e-type=\"container\">\n\t\t\t\t<div class=\"elementor-element elementor-element-090d335 elementor-view-framed elementor-position-inline-end elementor-shape-circle elementor-mobile-position-block-start elementor-widget elementor-widget-icon-box\" data-id=\"090d335\" data-element_type=\"widget\" data-e-type=\"widget\" data-widget_type=\"icon-box.default\">\n\t\t\t\t<div class=\"elementor-widget-container\">\n\t\t\t\t\t\t\t<div class=\"elementor-icon-box-wrapper\">\n\n\t\t\t\t\t\t<div class=\"elementor-icon-box-icon\">\n\t\t\t\t<span  class=\"elementor-icon\">\n\t\t\t\t<svg aria-hidden=\"true\" class=\"e-font-icon-svg e-fas-briefcase\" viewBox=\"0 0 512 512\" xmlns=\"http:\/\/www.w3.org\/2000\/svg\"><path d=\"M320 336c0 8.84-7.16 16-16 16h-96c-8.84 0-16-7.16-16-16v-48H0v144c0 25.6 22.4 48 48 48h416c25.6 0 48-22.4 48-48V288H320v48zm144-208h-80V80c0-25.6-22.4-48-48-48H176c-25.6 0-48 22.4-48 48v48H48c-25.6 0-48 22.4-48 48v80h512v-80c0-25.6-22.4-48-48-48zm-144 0H192V96h128v32z\"><\/path><\/svg>\t\t\t\t<\/span>\n\t\t\t<\/div>\n\t\t\t\n\t\t\t\t\t\t<div class=\"elementor-icon-box-content\">\n\n\t\t\t\t\t\t\t\t\t<h3 class=\"elementor-icon-box-title\">\n\t\t\t\t\t\t<span  >\n\t\t\t\t\t\t\tNegocio\t\t\t\t\t\t<\/span>\n\t\t\t\t\t<\/h3>\n\t\t\t\t\n\t\t\t\t\t\t\t\t\t<p class=\"elementor-icon-box-description\">\n\t\t\t\t\t\t\n* Formaci\u00f3n.\n* Escuela Digital de Aprendizaje \u2013 EDITAR.\n* Consultor\u00eda y Auditoria.\n* Proyecto Especiales.\t\t\t\t\t<\/p>\n\t\t\t\t\n\t\t\t<\/div>\n\t\t\t\n\t\t<\/div>\n\t\t\t\t\t\t<\/div>\n\t\t\t\t<\/div>\n\t\t\t\t<\/div>\n\t\t\t\t\t<\/div>\n\t\t\t\t<\/div>\n\t\t<div class=\"elementor-element elementor-element-8a4d8f3 e-flex e-con-boxed e-con e-parent\" data-id=\"8a4d8f3\" data-element_type=\"container\" data-e-type=\"container\">\n\t\t\t\t\t<div class=\"e-con-inner\">\n\t\t<div class=\"elementor-element elementor-element-ce8d513 e-con-full e-flex e-con e-child\" data-id=\"ce8d513\" data-element_type=\"container\" data-e-type=\"container\">\n\t\t\t\t<div class=\"elementor-element elementor-element-cc8c60b elementor-widget elementor-widget-heading\" data-id=\"cc8c60b\" data-element_type=\"widget\" data-e-type=\"widget\" data-widget_type=\"heading.default\">\n\t\t\t\t<div class=\"elementor-widget-container\">\n\t\t\t\t\t<h2 class=\"elementor-heading-title elementor-size-default\">Misi\u00f3n<\/h2>\t\t\t\t<\/div>\n\t\t\t\t<\/div>\n\t\t\t\t<div class=\"elementor-element elementor-element-d32a702 elementor-widget__width-initial elementor-widget elementor-widget-text-editor\" data-id=\"d32a702\" data-element_type=\"widget\" data-e-type=\"widget\" data-widget_type=\"text-editor.default\">\n\t\t\t\t<div class=\"elementor-widget-container\">\n\t\t\t\t\t\t\t\t\t<p>Agregamos valor al pa\u00eds, clientes, empleados y socios, mejorando la competitividad de personas y organizaciones a trav\u00e9s de la formaci\u00f3n, capacitaci\u00f3n y entrenamiento; as\u00ed como de la generaci\u00f3n y transmisi\u00f3n de conocimiento e informaci\u00f3n, de forma innovadora.<\/p>\t\t\t\t\t\t\t\t<\/div>\n\t\t\t\t<\/div>\n\t\t\t\t<\/div>\n\t\t<div class=\"elementor-element elementor-element-c14fc70 e-con-full e-flex e-con e-child\" data-id=\"c14fc70\" data-element_type=\"container\" data-e-type=\"container\">\n\t\t\t\t<div class=\"elementor-element elementor-element-f891560 elementor-widget elementor-widget-image\" data-id=\"f891560\" data-element_type=\"widget\" data-e-type=\"widget\" data-widget_type=\"image.default\">\n\t\t\t\t<div class=\"elementor-widget-container\">\n\t\t\t\t\t\t\t\t\t\t\t\t\t\t\t<img fetchpriority=\"high\" decoding=\"async\" width=\"300\" height=\"300\" src=\"https:\/\/comunicer.com\/wp-content\/uploads\/2024\/01\/Diseno-sin-titulo-300x300.png\" class=\"attachment-medium size-medium wp-image-850\" alt=\"\" srcset=\"https:\/\/comunicer.com\/wp-content\/uploads\/2024\/01\/Diseno-sin-titulo-300x300.png 300w, https:\/\/comunicer.com\/wp-content\/uploads\/2024\/01\/Diseno-sin-titulo-150x150.png 150w, https:\/\/comunicer.com\/wp-content\/uploads\/2024\/01\/Diseno-sin-titulo.png 500w\" sizes=\"(max-width: 300px) 100vw, 300px\" \/>\t\t\t\t\t\t\t\t\t\t\t\t\t\t\t<\/div>\n\t\t\t\t<\/div>\n\t\t\t\t<\/div>\n\t\t<div class=\"elementor-element elementor-element-f69857f e-con-full e-flex e-con e-child\" data-id=\"f69857f\" data-element_type=\"container\" data-e-type=\"container\">\n\t\t\t\t<div class=\"elementor-element elementor-element-87e0166 elementor-widget elementor-widget-heading\" data-id=\"87e0166\" data-element_type=\"widget\" data-e-type=\"widget\" data-widget_type=\"heading.default\">\n\t\t\t\t<div class=\"elementor-widget-container\">\n\t\t\t\t\t<h2 class=\"elementor-heading-title elementor-size-default\">Visi\u00f3n<\/h2>\t\t\t\t<\/div>\n\t\t\t\t<\/div>\n\t\t\t\t<div class=\"elementor-element elementor-element-71bdd9b elementor-widget elementor-widget-text-editor\" data-id=\"71bdd9b\" data-element_type=\"widget\" data-e-type=\"widget\" data-widget_type=\"text-editor.default\">\n\t\t\t\t<div class=\"elementor-widget-container\">\n\t\t\t\t\t\t\t\t\t<p>Ser una compa\u00f1\u00eda referente en ecosistemas digitales, formaci\u00f3n y entrenamiento, basados en esquemas de competencias laborales, reconocida por su innovaci\u00f3n en la transmisi\u00f3n de conocimiento, tecnolog\u00edas,<br \/>rentabilidad y sostenibilidad.<\/p>\t\t\t\t\t\t\t\t<\/div>\n\t\t\t\t<\/div>\n\t\t\t\t<\/div>\n\t\t\t\t\t<\/div>\n\t\t\t\t<\/div>\n\t\t<div class=\"elementor-element elementor-element-50ab4d7 e-flex e-con-boxed e-con e-parent\" data-id=\"50ab4d7\" data-element_type=\"container\" data-e-type=\"container\">\n\t\t\t\t\t<div class=\"e-con-inner\">\n\t\t\t\t\t<\/div>\n\t\t\t\t<\/div>\n\t\t<div class=\"elementor-element elementor-element-be9ede3 e-flex e-con-boxed e-con e-parent\" data-id=\"be9ede3\" data-element_type=\"container\" data-e-type=\"container\">\n\t\t\t\t\t<div class=\"e-con-inner\">\n\t\t\t\t<div class=\"elementor-element elementor-element-7eca878 elementor-widget elementor-widget-heading\" data-id=\"7eca878\" data-element_type=\"widget\" data-e-type=\"widget\" data-widget_type=\"heading.default\">\n\t\t\t\t<div class=\"elementor-widget-container\">\n\t\t\t\t\t<h2 class=\"elementor-heading-title elementor-size-default\">Valores<\/h2>\t\t\t\t<\/div>\n\t\t\t\t<\/div>\n\t\t\t\t\t<\/div>\n\t\t\t\t<\/div>\n\t\t<div class=\"elementor-element elementor-element-47ac283 e-flex e-con-boxed e-con e-parent\" data-id=\"47ac283\" data-element_type=\"container\" data-e-type=\"container\">\n\t\t\t\t\t<div class=\"e-con-inner\">\n\t\t<div class=\"elementor-element elementor-element-47a97ab e-con-full e-flex e-con e-child\" data-id=\"47a97ab\" data-element_type=\"container\" data-e-type=\"container\">\n\t\t\t\t<div class=\"elementor-element elementor-element-827782d elementor-widget elementor-widget-text-editor\" data-id=\"827782d\" data-element_type=\"widget\" data-e-type=\"widget\" data-widget_type=\"text-editor.default\">\n\t\t\t\t<div class=\"elementor-widget-container\">\n\t\t\t\t\t\t\t\t\t<p><strong><em>TRABAJO EN EQUIPO:<\/em><\/strong> La clave del trabajo en equipo est\u00e1 en la creaci\u00f3n de sinergias entre los integrantes de la organizaci\u00f3n; es decir, que la suma del todo sea superior a la suma de cada una de las partes por separado. La coordinaci\u00f3n juega un papel fundamental.<\/p><p><strong><em>TRANSPARENCIA:<\/em><\/strong> La capacidad de la organizaci\u00f3n y todos sus miembros para mostrarse de manera autentica, honesta, abierta, sin ambig\u00fcedades y disponible a la relaci\u00f3n con los dem\u00e1s.<\/p><p><em><strong>CONFIABILIDAD:<\/strong><\/em> El comportamiento y desempe\u00f1o de la organizaci\u00f3n y sus integrantes son predecibles.<\/p>\t\t\t\t\t\t\t\t<\/div>\n\t\t\t\t<\/div>\n\t\t\t\t<\/div>\n\t\t<div class=\"elementor-element elementor-element-73dab6e e-con-full e-flex e-con e-child\" data-id=\"73dab6e\" data-element_type=\"container\" data-e-type=\"container\">\n\t\t\t\t<div class=\"elementor-element elementor-element-7b9072f elementor-widget elementor-widget-text-editor\" data-id=\"7b9072f\" data-element_type=\"widget\" data-e-type=\"widget\" data-widget_type=\"text-editor.default\">\n\t\t\t\t<div class=\"elementor-widget-container\">\n\t\t\t\t\t\t\t\t\t<p><strong><em>FIDELIDAD:<\/em><\/strong> La capacidad de ser leales y de permanecer comprometidos.<\/p><p><strong><em>CONFIDENCIALIDAD:<\/em> <\/strong>La responsabilidad para mantener en reserva informaci\u00f3n y otros aspectos claves de la organizaci\u00f3n y sus partes interesadas.<\/p><p style=\"text-align: left;\"><em><strong>AGILIDAD:<\/strong><\/em> La habilidad de nuestra organizaci\u00f3n de adaptarse r\u00e1pidamente, o incluso anticiparse al contexto y en la medida de las posibilidades liderar un cambio.<\/p>\t\t\t\t\t\t\t\t<\/div>\n\t\t\t\t<\/div>\n\t\t\t\t<\/div>\n\t\t\t\t\t<\/div>\n\t\t\t\t<\/div>\n\t\t<div class=\"elementor-element elementor-element-c39dc95 e-flex e-con-boxed e-con e-parent\" data-id=\"c39dc95\" data-element_type=\"container\" data-e-type=\"container\">\n\t\t\t\t\t<div class=\"e-con-inner\">\n\t\t\t\t<div class=\"elementor-element elementor-element-aa0bc39 elementor-shape-circle elementor-grid-0 e-grid-align-center elementor-widget elementor-widget-social-icons\" data-id=\"aa0bc39\" data-element_type=\"widget\" data-e-type=\"widget\" data-widget_type=\"social-icons.default\">\n\t\t\t\t<div class=\"elementor-widget-container\">\n\t\t\t\t\t\t\t<div class=\"elementor-social-icons-wrapper elementor-grid\" role=\"list\">\n\t\t\t\t\t\t\t<span class=\"elementor-grid-item\" role=\"listitem\">\n\t\t\t\t\t<a class=\"elementor-icon elementor-social-icon elementor-social-icon-facebook elementor-repeater-item-7c6b582\" href=\"https:\/\/www.facebook.com\/profile.php?id=100090810842302\" target=\"_blank\">\n\t\t\t\t\t\t<span class=\"elementor-screen-only\">Facebook<\/span>\n\t\t\t\t\t\t<svg aria-hidden=\"true\" class=\"e-font-icon-svg e-fab-facebook\" viewBox=\"0 0 512 512\" xmlns=\"http:\/\/www.w3.org\/2000\/svg\"><path d=\"M504 256C504 119 393 8 256 8S8 119 8 256c0 123.78 90.69 226.38 209.25 245V327.69h-63V256h63v-54.64c0-62.15 37-96.48 93.67-96.48 27.14 0 55.52 4.84 55.52 4.84v61h-31.28c-30.8 0-40.41 19.12-40.41 38.73V256h68.78l-11 71.69h-57.78V501C413.31 482.38 504 379.78 504 256z\"><\/path><\/svg>\t\t\t\t\t<\/a>\n\t\t\t\t<\/span>\n\t\t\t\t\t\t\t<span class=\"elementor-grid-item\" role=\"listitem\">\n\t\t\t\t\t<a class=\"elementor-icon elementor-social-icon elementor-social-icon-youtube elementor-repeater-item-6e90f4e\" href=\"http:\/\/www.youtube.com\/@Comunicer\" target=\"_blank\">\n\t\t\t\t\t\t<span class=\"elementor-screen-only\">Youtube<\/span>\n\t\t\t\t\t\t<svg aria-hidden=\"true\" class=\"e-font-icon-svg e-fab-youtube\" viewBox=\"0 0 576 512\" xmlns=\"http:\/\/www.w3.org\/2000\/svg\"><path d=\"M549.655 124.083c-6.281-23.65-24.787-42.276-48.284-48.597C458.781 64 288 64 288 64S117.22 64 74.629 75.486c-23.497 6.322-42.003 24.947-48.284 48.597-11.412 42.867-11.412 132.305-11.412 132.305s0 89.438 11.412 132.305c6.281 23.65 24.787 41.5 48.284 47.821C117.22 448 288 448 288 448s170.78 0 213.371-11.486c23.497-6.321 42.003-24.171 48.284-47.821 11.412-42.867 11.412-132.305 11.412-132.305s0-89.438-11.412-132.305zm-317.51 213.508V175.185l142.739 81.205-142.739 81.201z\"><\/path><\/svg>\t\t\t\t\t<\/a>\n\t\t\t\t<\/span>\n\t\t\t\t\t\t\t<span class=\"elementor-grid-item\" role=\"listitem\">\n\t\t\t\t\t<a class=\"elementor-icon elementor-social-icon elementor-social-icon-linkedin elementor-repeater-item-7d4fac6\" target=\"_blank\">\n\t\t\t\t\t\t<span class=\"elementor-screen-only\">Linkedin<\/span>\n\t\t\t\t\t\t<svg aria-hidden=\"true\" class=\"e-font-icon-svg e-fab-linkedin\" viewBox=\"0 0 448 512\" xmlns=\"http:\/\/www.w3.org\/2000\/svg\"><path d=\"M416 32H31.9C14.3 32 0 46.5 0 64.3v383.4C0 465.5 14.3 480 31.9 480H416c17.6 0 32-14.5 32-32.3V64.3c0-17.8-14.4-32.3-32-32.3zM135.4 416H69V202.2h66.5V416zm-33.2-243c-21.3 0-38.5-17.3-38.5-38.5S80.9 96 102.2 96c21.2 0 38.5 17.3 38.5 38.5 0 21.3-17.2 38.5-38.5 38.5zm282.1 243h-66.4V312c0-24.8-.5-56.7-34.5-56.7-34.6 0-39.9 27-39.9 54.9V416h-66.4V202.2h63.7v29.2h.9c8.9-16.8 30.6-34.5 62.9-34.5 67.2 0 79.7 44.3 79.7 101.9V416z\"><\/path><\/svg>\t\t\t\t\t<\/a>\n\t\t\t\t<\/span>\n\t\t\t\t\t<\/div>\n\t\t\t\t\t\t<\/div>\n\t\t\t\t<\/div>\n\t\t\t\t\t<\/div>\n\t\t\t\t<\/div>\n\t\t\t\t<\/div>\n\t\t","protected":false},"excerpt":{"rendered":"<p>Sobre nosotros&#8230; Que somos Somos un sistema digital de formaci\u00f3n flexible, oportuna e innovadora y un aliado estrat\u00e9gico del desarrollo del talento humano de su empresa. Nacimos Fue fundada en el 2008 Negocio * Formaci\u00f3n. * Escuela Digital de Aprendizaje \u2013 EDITAR. * Consultor\u00eda y Auditoria. * Proyecto Especiales. Misi\u00f3n Agregamos valor al pa\u00eds, clientes,&hellip;&nbsp;<a href=\"https:\/\/comunicer.com\/?page_id=61\" class=\"\" rel=\"bookmark\">Leer m\u00e1s &raquo;<span class=\"screen-reader-text\">About Us<\/span><\/a><\/p>\n","protected":false},"author":1,"featured_media":0,"parent":0,"menu_order":0,"comment_status":"closed","ping_status":"closed","template":"","meta":{"neve_meta_sidebar":"default","neve_meta_container":"default","neve_meta_enable_content_width":"on","neve_meta_content_width":100,"neve_meta_title_alignment":"","neve_meta_author_avatar":"","neve_post_elements_order":"","neve_meta_disable_header":"","neve_meta_disable_footer":"","neve_meta_disable_title":"on","_themeisle_gutenberg_block_has_review":false,"footnotes":""},"class_list":["post-61","page","type-page","status-publish","hentry"],"yoast_head":"<!-- This site is optimized with the Yoast SEO plugin v22.7 - https:\/\/yoast.com\/wordpress\/plugins\/seo\/ -->\n<title>About Us |<\/title>\n<meta name=\"robots\" content=\"index, follow, max-snippet:-1, max-image-preview:large, max-video-preview:-1\" \/>\n<link rel=\"canonical\" href=\"https:\/\/comunicer.com\/?page_id=61\" \/>\n<meta property=\"og:locale\" content=\"es_ES\" \/>\n<meta property=\"og:type\" content=\"article\" \/>\n<meta property=\"og:title\" content=\"About Us |\" \/>\n<meta property=\"og:description\" content=\"Sobre nosotros&#8230; Que somos Somos un sistema digital de formaci\u00f3n flexible, oportuna e innovadora y un aliado estrat\u00e9gico del desarrollo del talento humano de su empresa. Nacimos Fue fundada en el 2008 Negocio * Formaci\u00f3n. * Escuela Digital de Aprendizaje \u2013 EDITAR. * Consultor\u00eda y Auditoria. * Proyecto Especiales. Misi\u00f3n Agregamos valor al pa\u00eds, clientes,&hellip;&nbsp;Leer m\u00e1s &raquo;About Us\" \/>\n<meta property=\"og:url\" content=\"https:\/\/comunicer.com\/?page_id=61\" \/>\n<meta property=\"og:site_name\" content=\"Comunicer\" \/>\n<meta property=\"article:publisher\" content=\"https:\/\/www.facebook.com\/profile.php?id=100090810842302\" \/>\n<meta property=\"article:modified_time\" content=\"2024-02-20T14:13:25+00:00\" \/>\n<meta property=\"og:image\" content=\"https:\/\/comunicer.com\/wp-content\/uploads\/2024\/01\/Diseno-sin-titulo-300x300.png\" \/>\n<meta name=\"twitter:card\" content=\"summary_large_image\" \/>\n<meta name=\"twitter:label1\" content=\"Tiempo de lectura\" \/>\n\t<meta name=\"twitter:data1\" content=\"1 minuto\" \/>\n<script type=\"application\/ld+json\" class=\"yoast-schema-graph\">{\"@context\":\"https:\/\/schema.org\",\"@graph\":[{\"@type\":\"WebPage\",\"@id\":\"https:\/\/comunicer.com\/?page_id=61\",\"url\":\"https:\/\/comunicer.com\/?page_id=61\",\"name\":\"About Us |\",\"isPartOf\":{\"@id\":\"https:\/\/comunicer.com\/#website\"},\"primaryImageOfPage\":{\"@id\":\"https:\/\/comunicer.com\/?page_id=61#primaryimage\"},\"image\":{\"@id\":\"https:\/\/comunicer.com\/?page_id=61#primaryimage\"},\"thumbnailUrl\":\"https:\/\/comunicer.com\/wp-content\/uploads\/2024\/01\/Diseno-sin-titulo-300x300.png\",\"datePublished\":\"2020-01-23T18:21:52+00:00\",\"dateModified\":\"2024-02-20T14:13:25+00:00\",\"breadcrumb\":{\"@id\":\"https:\/\/comunicer.com\/?page_id=61#breadcrumb\"},\"inLanguage\":\"es-CO\",\"potentialAction\":[{\"@type\":\"ReadAction\",\"target\":[\"https:\/\/comunicer.com\/?page_id=61\"]}]},{\"@type\":\"ImageObject\",\"inLanguage\":\"es-CO\",\"@id\":\"https:\/\/comunicer.com\/?page_id=61#primaryimage\",\"url\":\"https:\/\/comunicer.com\/wp-content\/uploads\/2024\/01\/Diseno-sin-titulo.png\",\"contentUrl\":\"https:\/\/comunicer.com\/wp-content\/uploads\/2024\/01\/Diseno-sin-titulo.png\",\"width\":500,\"height\":500},{\"@type\":\"BreadcrumbList\",\"@id\":\"https:\/\/comunicer.com\/?page_id=61#breadcrumb\",\"itemListElement\":[{\"@type\":\"ListItem\",\"position\":1,\"name\":\"Inicio\",\"item\":\"https:\/\/comunicer.com\/\"},{\"@type\":\"ListItem\",\"position\":2,\"name\":\"About Us\"}]},{\"@type\":\"WebSite\",\"@id\":\"https:\/\/comunicer.com\/#website\",\"url\":\"https:\/\/comunicer.com\/\",\"name\":\"comunicer\",\"description\":\"Somos un sistema digital de formaci\u00f3n flexible, oportuna e innovadora.\",\"publisher\":{\"@id\":\"https:\/\/comunicer.com\/#organization\"},\"potentialAction\":[{\"@type\":\"SearchAction\",\"target\":{\"@type\":\"EntryPoint\",\"urlTemplate\":\"https:\/\/comunicer.com\/?s={search_term_string}\"},\"query-input\":\"required name=search_term_string\"}],\"inLanguage\":\"es-CO\"},{\"@type\":\"Organization\",\"@id\":\"https:\/\/comunicer.com\/#organization\",\"name\":\"Comunicer\",\"url\":\"https:\/\/comunicer.com\/\",\"logo\":{\"@type\":\"ImageObject\",\"inLanguage\":\"es-CO\",\"@id\":\"https:\/\/comunicer.com\/#\/schema\/logo\/image\/\",\"url\":\"https:\/\/comunicer.com\/wp-content\/uploads\/2023\/11\/cropped-logo_comunicer__1_-removebg-preview-3.png\",\"contentUrl\":\"https:\/\/comunicer.com\/wp-content\/uploads\/2023\/11\/cropped-logo_comunicer__1_-removebg-preview-3.png\",\"width\":512,\"height\":512,\"caption\":\"Comunicer\"},\"image\":{\"@id\":\"https:\/\/comunicer.com\/#\/schema\/logo\/image\/\"},\"sameAs\":[\"https:\/\/www.facebook.com\/profile.php?id=100090810842302\",\"https:\/\/www.youtube.com\/@Comunicer\"]}]}<\/script>\n<!-- \/ Yoast SEO plugin. -->","yoast_head_json":{"title":"About Us |","robots":{"index":"index","follow":"follow","max-snippet":"max-snippet:-1","max-image-preview":"max-image-preview:large","max-video-preview":"max-video-preview:-1"},"canonical":"https:\/\/comunicer.com\/?page_id=61","og_locale":"es_ES","og_type":"article","og_title":"About Us |","og_description":"Sobre nosotros&#8230; Que somos Somos un sistema digital de formaci\u00f3n flexible, oportuna e innovadora y un aliado estrat\u00e9gico del desarrollo del talento humano de su empresa. Nacimos Fue fundada en el 2008 Negocio * Formaci\u00f3n. * Escuela Digital de Aprendizaje \u2013 EDITAR. * Consultor\u00eda y Auditoria. * Proyecto Especiales. Misi\u00f3n Agregamos valor al pa\u00eds, clientes,&hellip;&nbsp;Leer m\u00e1s &raquo;About Us","og_url":"https:\/\/comunicer.com\/?page_id=61","og_site_name":"Comunicer","article_publisher":"https:\/\/www.facebook.com\/profile.php?id=100090810842302","article_modified_time":"2024-02-20T14:13:25+00:00","og_image":[{"url":"https:\/\/comunicer.com\/wp-content\/uploads\/2024\/01\/Diseno-sin-titulo-300x300.png"}],"twitter_card":"summary_large_image","twitter_misc":{"Tiempo de lectura":"1 minuto"},"schema":{"@context":"https:\/\/schema.org","@graph":[{"@type":"WebPage","@id":"https:\/\/comunicer.com\/?page_id=61","url":"https:\/\/comunicer.com\/?page_id=61","name":"About Us |","isPartOf":{"@id":"https:\/\/comunicer.com\/#website"},"primaryImageOfPage":{"@id":"https:\/\/comunicer.com\/?page_id=61#primaryimage"},"image":{"@id":"https:\/\/comunicer.com\/?page_id=61#primaryimage"},"thumbnailUrl":"https:\/\/comunicer.com\/wp-content\/uploads\/2024\/01\/Diseno-sin-titulo-300x300.png","datePublished":"2020-01-23T18:21:52+00:00","dateModified":"2024-02-20T14:13:25+00:00","breadcrumb":{"@id":"https:\/\/comunicer.com\/?page_id=61#breadcrumb"},"inLanguage":"es-CO","potentialAction":[{"@type":"ReadAction","target":["https:\/\/comunicer.com\/?page_id=61"]}]},{"@type":"ImageObject","inLanguage":"es-CO","@id":"https:\/\/comunicer.com\/?page_id=61#primaryimage","url":"https:\/\/comunicer.com\/wp-content\/uploads\/2024\/01\/Diseno-sin-titulo.png","contentUrl":"https:\/\/comunicer.com\/wp-content\/uploads\/2024\/01\/Diseno-sin-titulo.png","width":500,"height":500},{"@type":"BreadcrumbList","@id":"https:\/\/comunicer.com\/?page_id=61#breadcrumb","itemListElement":[{"@type":"ListItem","position":1,"name":"Inicio","item":"https:\/\/comunicer.com\/"},{"@type":"ListItem","position":2,"name":"About Us"}]},{"@type":"WebSite","@id":"https:\/\/comunicer.com\/#website","url":"https:\/\/comunicer.com\/","name":"comunicer","description":"Somos un sistema digital de formaci\u00f3n flexible, oportuna e innovadora.","publisher":{"@id":"https:\/\/comunicer.com\/#organization"},"potentialAction":[{"@type":"SearchAction","target":{"@type":"EntryPoint","urlTemplate":"https:\/\/comunicer.com\/?s={search_term_string}"},"query-input":"required name=search_term_string"}],"inLanguage":"es-CO"},{"@type":"Organization","@id":"https:\/\/comunicer.com\/#organization","name":"Comunicer","url":"https:\/\/comunicer.com\/","logo":{"@type":"ImageObject","inLanguage":"es-CO","@id":"https:\/\/comunicer.com\/#\/schema\/logo\/image\/","url":"https:\/\/comunicer.com\/wp-content\/uploads\/2023\/11\/cropped-logo_comunicer__1_-removebg-preview-3.png","contentUrl":"https:\/\/comunicer.com\/wp-content\/uploads\/2023\/11\/cropped-logo_comunicer__1_-removebg-preview-3.png","width":512,"height":512,"caption":"Comunicer"},"image":{"@id":"https:\/\/comunicer.com\/#\/schema\/logo\/image\/"},"sameAs":["https:\/\/www.facebook.com\/profile.php?id=100090810842302","https:\/\/www.youtube.com\/@Comunicer"]}]}},"_links":{"self":[{"href":"https:\/\/comunicer.com\/index.php?rest_route=\/wp\/v2\/pages\/61","targetHints":{"allow":["GET"]}}],"collection":[{"href":"https:\/\/comunicer.com\/index.php?rest_route=\/wp\/v2\/pages"}],"about":[{"href":"https:\/\/comunicer.com\/index.php?rest_route=\/wp\/v2\/types\/page"}],"author":[{"embeddable":true,"href":"https:\/\/comunicer.com\/index.php?rest_route=\/wp\/v2\/users\/1"}],"replies":[{"embeddable":true,"href":"https:\/\/comunicer.com\/index.php?rest_route=%2Fwp%2Fv2%2Fcomments&post=61"}],"version-history":[{"count":36,"href":"https:\/\/comunicer.com\/index.php?rest_route=\/wp\/v2\/pages\/61\/revisions"}],"predecessor-version":[{"id":1096,"href":"https:\/\/comunicer.com\/index.php?rest_route=\/wp\/v2\/pages\/61\/revisions\/1096"}],"wp:attachment":[{"href":"https:\/\/comunicer.com\/index.php?rest_route=%2Fwp%2Fv2%2Fmedia&parent=61"}],"curies":[{"name":"wp","href":"https:\/\/api.w.org\/{rel}","templated":true}]}}