{"id":75,"date":"2020-01-27T08:29:32","date_gmt":"2020-01-27T08:29:32","guid":{"rendered":"https:\/\/demosites.io\/web-agency-gb\/?page_id=75"},"modified":"2024-02-20T12:39:22","modified_gmt":"2024-02-20T17:39:22","slug":"15c42-web-agency-gb-contact-us","status":"publish","type":"page","link":"https:\/\/comunicer.com\/?page_id=75","title":{"rendered":"Contact Us"},"content":{"rendered":"\t\t<div data-elementor-type=\"wp-page\" data-elementor-id=\"75\" class=\"elementor elementor-75\">\n\t\t\t\t<div class=\"elementor-element elementor-element-7848f36 e-flex e-con-boxed e-con e-parent\" data-id=\"7848f36\" data-element_type=\"container\" data-e-type=\"container\">\n\t\t\t\t\t<div class=\"e-con-inner\">\n\t\t\t\t<div class=\"elementor-element elementor-element-0445f68 elementor-widget elementor-widget-heading\" data-id=\"0445f68\" data-element_type=\"widget\" data-e-type=\"widget\" data-widget_type=\"heading.default\">\n\t\t\t\t<div class=\"elementor-widget-container\">\n\t\t\t\t\t<h2 class=\"elementor-heading-title elementor-size-default\">Contacto.<\/h2>\t\t\t\t<\/div>\n\t\t\t\t<\/div>\n\t\t\t\t<div class=\"elementor-element elementor-element-3fcfc2b elementor-widget elementor-widget-text-editor\" data-id=\"3fcfc2b\" data-element_type=\"widget\" data-e-type=\"widget\" data-widget_type=\"text-editor.default\">\n\t\t\t\t<div class=\"elementor-widget-container\">\n\t\t\t\t\t\t\t\t\t<p>Escanee el c\u00f3digo QR desde su celular e inicie un chat de WhatsApp o haga clic sobre alguno de los iconos para contactarlo por medio de alguno de nuestros representantes.<\/p>\t\t\t\t\t\t\t\t<\/div>\n\t\t\t\t<\/div>\n\t\t\t\t\t<\/div>\n\t\t\t\t<\/div>\n\t\t<div class=\"elementor-element elementor-element-6a61feb e-flex e-con-boxed e-con e-parent\" data-id=\"6a61feb\" data-element_type=\"container\" data-e-type=\"container\">\n\t\t\t\t\t<div class=\"e-con-inner\">\n\t\t<div class=\"elementor-element elementor-element-42563d6 e-con-full e-flex e-con e-child\" data-id=\"42563d6\" data-element_type=\"container\" data-e-type=\"container\">\n\t\t\t\t<div class=\"elementor-element elementor-element-ba2263e elementor-widget elementor-widget-image\" data-id=\"ba2263e\" data-element_type=\"widget\" data-e-type=\"widget\" data-widget_type=\"image.default\">\n\t\t\t\t<div class=\"elementor-widget-container\">\n\t\t\t\t\t\t\t\t\t\t\t\t\t\t\t<img fetchpriority=\"high\" decoding=\"async\" width=\"300\" height=\"300\" src=\"https:\/\/comunicer.com\/wp-content\/uploads\/2023\/12\/QR-COMU_WHAT-300x300.png\" class=\"attachment-medium size-medium wp-image-755\" alt=\"\" srcset=\"https:\/\/comunicer.com\/wp-content\/uploads\/2023\/12\/QR-COMU_WHAT-300x300.png 300w, https:\/\/comunicer.com\/wp-content\/uploads\/2023\/12\/QR-COMU_WHAT-150x150.png 150w, https:\/\/comunicer.com\/wp-content\/uploads\/2023\/12\/QR-COMU_WHAT.png 500w\" sizes=\"(max-width: 300px) 100vw, 300px\" \/>\t\t\t\t\t\t\t\t\t\t\t\t\t\t\t<\/div>\n\t\t\t\t<\/div>\n\t\t\t\t<div class=\"elementor-element elementor-element-83855aa elementor-view-stacked elementor-shape-circle elementor-position-block-start elementor-mobile-position-block-start elementor-widget elementor-widget-icon-box\" data-id=\"83855aa\" data-element_type=\"widget\" data-e-type=\"widget\" data-widget_type=\"icon-box.default\">\n\t\t\t\t<div class=\"elementor-widget-container\">\n\t\t\t\t\t\t\t<div class=\"elementor-icon-box-wrapper\">\n\n\t\t\t\t\t\t<div class=\"elementor-icon-box-icon\">\n\t\t\t\t<span  class=\"elementor-icon\">\n\t\t\t\t<i aria-hidden=\"true\" class=\"icon icon-map-marker1\"><\/i>\t\t\t\t<\/span>\n\t\t\t<\/div>\n\t\t\t\n\t\t\t\t\t\t<div class=\"elementor-icon-box-content\">\n\n\t\t\t\t\t\t\t\t\t<h3 class=\"elementor-icon-box-title\">\n\t\t\t\t\t\t<span  >\n\t\t\t\t\t\t\tUbicaci\u00f3n\t\t\t\t\t\t<\/span>\n\t\t\t\t\t<\/h3>\n\t\t\t\t\n\t\t\t\t\t\t\t\t\t<p class=\"elementor-icon-box-description\">\n\t\t\t\t\t\tCh\u00eda, Colombia.\t\t\t\t\t<\/p>\n\t\t\t\t\n\t\t\t<\/div>\n\t\t\t\n\t\t<\/div>\n\t\t\t\t\t\t<\/div>\n\t\t\t\t<\/div>\n\t\t\t\t<\/div>\n\t\t<div class=\"elementor-element elementor-element-cdb733c e-con-full e-flex e-con e-child\" data-id=\"cdb733c\" data-element_type=\"container\" data-e-type=\"container\">\n\t\t\t\t<div class=\"elementor-element elementor-element-832f06f elementor-view-stacked elementor-shape-circle elementor-position-block-start elementor-mobile-position-block-start elementor-widget elementor-widget-icon-box\" data-id=\"832f06f\" data-element_type=\"widget\" data-e-type=\"widget\" data-widget_type=\"icon-box.default\">\n\t\t\t\t<div class=\"elementor-widget-container\">\n\t\t\t\t\t\t\t<div class=\"elementor-icon-box-wrapper\">\n\n\t\t\t\t\t\t<div class=\"elementor-icon-box-icon\">\n\t\t\t\t<a href=\"https:\/\/wa.me\/573108906433?text=necesito%20m%C3%A1s%20informaci%C3%B3n%20de%20comunicer\" class=\"elementor-icon\" tabindex=\"-1\" aria-label=\"WhatsApp\">\n\t\t\t\t<svg aria-hidden=\"true\" class=\"e-font-icon-svg e-fab-whatsapp\" viewBox=\"0 0 448 512\" xmlns=\"http:\/\/www.w3.org\/2000\/svg\"><path d=\"M380.9 97.1C339 55.1 283.2 32 223.9 32c-122.4 0-222 99.6-222 222 0 39.1 10.2 77.3 29.6 111L0 480l117.7-30.9c32.4 17.7 68.9 27 106.1 27h.1c122.3 0 224.1-99.6 224.1-222 0-59.3-25.2-115-67.1-157zm-157 341.6c-33.2 0-65.7-8.9-94-25.7l-6.7-4-69.8 18.3L72 359.2l-4.4-7c-18.5-29.4-28.2-63.3-28.2-98.2 0-101.7 82.8-184.5 184.6-184.5 49.3 0 95.6 19.2 130.4 54.1 34.8 34.9 56.2 81.2 56.1 130.5 0 101.8-84.9 184.6-186.6 184.6zm101.2-138.2c-5.5-2.8-32.8-16.2-37.9-18-5.1-1.9-8.8-2.8-12.5 2.8-3.7 5.6-14.3 18-17.6 21.8-3.2 3.7-6.5 4.2-12 1.4-32.6-16.3-54-29.1-75.5-66-5.7-9.8 5.7-9.1 16.3-30.3 1.8-3.7.9-6.9-.5-9.7-1.4-2.8-12.5-30.1-17.1-41.2-4.5-10.8-9.1-9.3-12.5-9.5-3.2-.2-6.9-.2-10.6-.2-3.7 0-9.7 1.4-14.8 6.9-5.1 5.6-19.4 19-19.4 46.3 0 27.3 19.9 53.7 22.6 57.4 2.8 3.7 39.1 59.7 94.8 83.8 35.2 15.2 49 16.5 66.6 13.9 10.7-1.6 32.8-13.4 37.4-26.4 4.6-13 4.6-24.1 3.2-26.4-1.3-2.5-5-3.9-10.5-6.6z\"><\/path><\/svg>\t\t\t\t<\/a>\n\t\t\t<\/div>\n\t\t\t\n\t\t\t\t\t\t<div class=\"elementor-icon-box-content\">\n\n\t\t\t\t\t\t\t\t\t<h3 class=\"elementor-icon-box-title\">\n\t\t\t\t\t\t<a href=\"https:\/\/wa.me\/573108906433?text=necesito%20m%C3%A1s%20informaci%C3%B3n%20de%20comunicer\" >\n\t\t\t\t\t\t\tWhatsApp\t\t\t\t\t\t<\/a>\n\t\t\t\t\t<\/h3>\n\t\t\t\t\n\t\t\t\t\t\t\t\t\t<p class=\"elementor-icon-box-description\">\n\t\t\t\t\t\t+573108906433\t\t\t\t\t<\/p>\n\t\t\t\t\n\t\t\t<\/div>\n\t\t\t\n\t\t<\/div>\n\t\t\t\t\t\t<\/div>\n\t\t\t\t<\/div>\n\t\t\t\t<div class=\"elementor-element elementor-element-db8c25b elementor-view-stacked elementor-shape-circle elementor-position-block-start elementor-mobile-position-block-start elementor-widget elementor-widget-icon-box\" data-id=\"db8c25b\" data-element_type=\"widget\" data-e-type=\"widget\" data-widget_type=\"icon-box.default\">\n\t\t\t\t<div class=\"elementor-widget-container\">\n\t\t\t\t\t\t\t<div class=\"elementor-icon-box-wrapper\">\n\n\t\t\t\t\t\t<div class=\"elementor-icon-box-icon\">\n\t\t\t\t<a href=\"mailto:info@comunicer.com\" class=\"elementor-icon\" tabindex=\"-1\" aria-label=\"Mail\">\n\t\t\t\t<i aria-hidden=\"true\" class=\"icon icon-email\"><\/i>\t\t\t\t<\/a>\n\t\t\t<\/div>\n\t\t\t\n\t\t\t\t\t\t<div class=\"elementor-icon-box-content\">\n\n\t\t\t\t\t\t\t\t\t<h3 class=\"elementor-icon-box-title\">\n\t\t\t\t\t\t<a href=\"mailto:info@comunicer.com\" >\n\t\t\t\t\t\t\tMail\t\t\t\t\t\t<\/a>\n\t\t\t\t\t<\/h3>\n\t\t\t\t\n\t\t\t\t\t\t\t\t\t<p class=\"elementor-icon-box-description\">\n\t\t\t\t\t\tinfo@comunicer.com\t\t\t\t\t<\/p>\n\t\t\t\t\n\t\t\t<\/div>\n\t\t\t\n\t\t<\/div>\n\t\t\t\t\t\t<\/div>\n\t\t\t\t<\/div>\n\t\t\t\t<\/div>\n\t\t\t\t\t<\/div>\n\t\t\t\t<\/div>\n\t\t<div class=\"elementor-element elementor-element-e1aac00 e-flex e-con-boxed e-con e-parent\" data-id=\"e1aac00\" data-element_type=\"container\" data-e-type=\"container\">\n\t\t\t\t\t<div class=\"e-con-inner\">\n\t\t\t\t<div class=\"elementor-element elementor-element-9e76a1a elementor-widget elementor-widget-text-editor\" data-id=\"9e76a1a\" data-element_type=\"widget\" data-e-type=\"widget\" data-widget_type=\"text-editor.default\">\n\t\t\t\t<div class=\"elementor-widget-container\">\n\t\t\t\t\t\t\t\t\t<p>S\u00ed desea que lo contactemos, diligencie este formulario y uno de nuestros asesores lo atender\u00e1.<\/p>\t\t\t\t\t\t\t\t<\/div>\n\t\t\t\t<\/div>\n\t\t\t\t\t<\/div>\n\t\t\t\t<\/div>\n\t\t<div class=\"elementor-element elementor-element-3200d64 e-flex e-con-boxed e-con e-parent\" data-id=\"3200d64\" data-element_type=\"container\" data-e-type=\"container\">\n\t\t\t\t\t<div class=\"e-con-inner\">\n\t\t\t\t<div class=\"elementor-element elementor-element-c04a4e9 elementor-widget elementor-widget-html\" data-id=\"c04a4e9\" data-element_type=\"widget\" data-e-type=\"widget\" data-widget_type=\"html.default\">\n\t\t\t\t<div class=\"elementor-widget-container\">\n\t\t\t\t\t<iframe width=\"640px\" height=\"480px\" src=\"https:\/\/forms.office.com\/Pages\/ResponsePage.aspx?id=XfxX5MsW5kKbvcTOPmAO3D-oeYzzJ9lCtXRqYrjV3ZBUN0pRVUZKNVRTQ1FYOVUxTFFaTDhCQlNNWi4u&embed=true\" frameborder=\"0\" marginwidth=\"0\" marginheight=\"0\" style=\"border: none; max-width:100%; max-height:100vh\" allowfullscreen webkitallowfullscreen mozallowfullscreen msallowfullscreen> <\/iframe> \t\t\t\t<\/div>\n\t\t\t\t<\/div>\n\t\t\t\t\t<\/div>\n\t\t\t\t<\/div>\n\t\t\t\t<\/div>\n\t\t","protected":false},"excerpt":{"rendered":"<p>Contacto. Escanee el c\u00f3digo QR desde su celular e inicie un chat de WhatsApp o haga clic sobre alguno de los iconos para contactarlo por medio de alguno de nuestros representantes. Ubicaci\u00f3n Ch\u00eda, Colombia. WhatsApp +573108906433 Mail info@comunicer.com S\u00ed desea que lo contactemos, diligencie este formulario y uno de nuestros asesores lo atender\u00e1.<\/p>\n","protected":false},"author":1,"featured_media":0,"parent":0,"menu_order":0,"comment_status":"closed","ping_status":"closed","template":"","meta":{"neve_meta_sidebar":"default","neve_meta_container":"","neve_meta_enable_content_width":"on","neve_meta_content_width":100,"neve_meta_title_alignment":"","neve_meta_author_avatar":"","neve_post_elements_order":"","neve_meta_disable_header":"","neve_meta_disable_footer":"","neve_meta_disable_title":"on","_themeisle_gutenberg_block_has_review":false,"footnotes":""},"class_list":["post-75","page","type-page","status-publish","hentry"],"yoast_head":"<!-- This site is optimized with the Yoast SEO plugin v22.7 - https:\/\/yoast.com\/wordpress\/plugins\/seo\/ -->\n<title>Contact Us |<\/title>\n<meta name=\"robots\" content=\"index, follow, max-snippet:-1, max-image-preview:large, max-video-preview:-1\" \/>\n<link rel=\"canonical\" href=\"https:\/\/comunicer.com\/?page_id=75\" \/>\n<meta property=\"og:locale\" content=\"es_ES\" \/>\n<meta property=\"og:type\" content=\"article\" \/>\n<meta property=\"og:title\" content=\"Contact Us |\" \/>\n<meta property=\"og:description\" content=\"Contacto. Escanee el c\u00f3digo QR desde su celular e inicie un chat de WhatsApp o haga clic sobre alguno de los iconos para contactarlo por medio de alguno de nuestros representantes. Ubicaci\u00f3n Ch\u00eda, Colombia. WhatsApp +573108906433 Mail info@comunicer.com S\u00ed desea que lo contactemos, diligencie este formulario y uno de nuestros asesores lo atender\u00e1.\" \/>\n<meta property=\"og:url\" content=\"https:\/\/comunicer.com\/?page_id=75\" \/>\n<meta property=\"og:site_name\" content=\"Comunicer\" \/>\n<meta property=\"article:publisher\" content=\"https:\/\/www.facebook.com\/profile.php?id=100090810842302\" \/>\n<meta property=\"article:modified_time\" content=\"2024-02-20T17:39:22+00:00\" \/>\n<meta property=\"og:image\" content=\"https:\/\/comunicer.com\/wp-content\/uploads\/2023\/12\/QR-COMU_WHAT-300x300.png\" \/>\n<meta name=\"twitter:card\" content=\"summary_large_image\" \/>\n<script type=\"application\/ld+json\" class=\"yoast-schema-graph\">{\"@context\":\"https:\/\/schema.org\",\"@graph\":[{\"@type\":\"WebPage\",\"@id\":\"https:\/\/comunicer.com\/?page_id=75\",\"url\":\"https:\/\/comunicer.com\/?page_id=75\",\"name\":\"Contact Us |\",\"isPartOf\":{\"@id\":\"https:\/\/comunicer.com\/#website\"},\"primaryImageOfPage\":{\"@id\":\"https:\/\/comunicer.com\/?page_id=75#primaryimage\"},\"image\":{\"@id\":\"https:\/\/comunicer.com\/?page_id=75#primaryimage\"},\"thumbnailUrl\":\"https:\/\/comunicer.com\/wp-content\/uploads\/2023\/12\/QR-COMU_WHAT-300x300.png\",\"datePublished\":\"2020-01-27T08:29:32+00:00\",\"dateModified\":\"2024-02-20T17:39:22+00:00\",\"breadcrumb\":{\"@id\":\"https:\/\/comunicer.com\/?page_id=75#breadcrumb\"},\"inLanguage\":\"es-CO\",\"potentialAction\":[{\"@type\":\"ReadAction\",\"target\":[\"https:\/\/comunicer.com\/?page_id=75\"]}]},{\"@type\":\"ImageObject\",\"inLanguage\":\"es-CO\",\"@id\":\"https:\/\/comunicer.com\/?page_id=75#primaryimage\",\"url\":\"https:\/\/comunicer.com\/wp-content\/uploads\/2023\/12\/QR-COMU_WHAT.png\",\"contentUrl\":\"https:\/\/comunicer.com\/wp-content\/uploads\/2023\/12\/QR-COMU_WHAT.png\",\"width\":500,\"height\":500},{\"@type\":\"BreadcrumbList\",\"@id\":\"https:\/\/comunicer.com\/?page_id=75#breadcrumb\",\"itemListElement\":[{\"@type\":\"ListItem\",\"position\":1,\"name\":\"Inicio\",\"item\":\"https:\/\/comunicer.com\/\"},{\"@type\":\"ListItem\",\"position\":2,\"name\":\"Contact Us\"}]},{\"@type\":\"WebSite\",\"@id\":\"https:\/\/comunicer.com\/#website\",\"url\":\"https:\/\/comunicer.com\/\",\"name\":\"comunicer\",\"description\":\"Somos un sistema digital de formaci\u00f3n flexible, oportuna e innovadora.\",\"publisher\":{\"@id\":\"https:\/\/comunicer.com\/#organization\"},\"potentialAction\":[{\"@type\":\"SearchAction\",\"target\":{\"@type\":\"EntryPoint\",\"urlTemplate\":\"https:\/\/comunicer.com\/?s={search_term_string}\"},\"query-input\":\"required name=search_term_string\"}],\"inLanguage\":\"es-CO\"},{\"@type\":\"Organization\",\"@id\":\"https:\/\/comunicer.com\/#organization\",\"name\":\"Comunicer\",\"url\":\"https:\/\/comunicer.com\/\",\"logo\":{\"@type\":\"ImageObject\",\"inLanguage\":\"es-CO\",\"@id\":\"https:\/\/comunicer.com\/#\/schema\/logo\/image\/\",\"url\":\"https:\/\/comunicer.com\/wp-content\/uploads\/2023\/11\/cropped-logo_comunicer__1_-removebg-preview-3.png\",\"contentUrl\":\"https:\/\/comunicer.com\/wp-content\/uploads\/2023\/11\/cropped-logo_comunicer__1_-removebg-preview-3.png\",\"width\":512,\"height\":512,\"caption\":\"Comunicer\"},\"image\":{\"@id\":\"https:\/\/comunicer.com\/#\/schema\/logo\/image\/\"},\"sameAs\":[\"https:\/\/www.facebook.com\/profile.php?id=100090810842302\",\"https:\/\/www.youtube.com\/@Comunicer\"]}]}<\/script>\n<!-- \/ Yoast SEO plugin. -->","yoast_head_json":{"title":"Contact Us |","robots":{"index":"index","follow":"follow","max-snippet":"max-snippet:-1","max-image-preview":"max-image-preview:large","max-video-preview":"max-video-preview:-1"},"canonical":"https:\/\/comunicer.com\/?page_id=75","og_locale":"es_ES","og_type":"article","og_title":"Contact Us |","og_description":"Contacto. Escanee el c\u00f3digo QR desde su celular e inicie un chat de WhatsApp o haga clic sobre alguno de los iconos para contactarlo por medio de alguno de nuestros representantes. Ubicaci\u00f3n Ch\u00eda, Colombia. WhatsApp +573108906433 Mail info@comunicer.com S\u00ed desea que lo contactemos, diligencie este formulario y uno de nuestros asesores lo atender\u00e1.","og_url":"https:\/\/comunicer.com\/?page_id=75","og_site_name":"Comunicer","article_publisher":"https:\/\/www.facebook.com\/profile.php?id=100090810842302","article_modified_time":"2024-02-20T17:39:22+00:00","og_image":[{"url":"https:\/\/comunicer.com\/wp-content\/uploads\/2023\/12\/QR-COMU_WHAT-300x300.png"}],"twitter_card":"summary_large_image","schema":{"@context":"https:\/\/schema.org","@graph":[{"@type":"WebPage","@id":"https:\/\/comunicer.com\/?page_id=75","url":"https:\/\/comunicer.com\/?page_id=75","name":"Contact Us |","isPartOf":{"@id":"https:\/\/comunicer.com\/#website"},"primaryImageOfPage":{"@id":"https:\/\/comunicer.com\/?page_id=75#primaryimage"},"image":{"@id":"https:\/\/comunicer.com\/?page_id=75#primaryimage"},"thumbnailUrl":"https:\/\/comunicer.com\/wp-content\/uploads\/2023\/12\/QR-COMU_WHAT-300x300.png","datePublished":"2020-01-27T08:29:32+00:00","dateModified":"2024-02-20T17:39:22+00:00","breadcrumb":{"@id":"https:\/\/comunicer.com\/?page_id=75#breadcrumb"},"inLanguage":"es-CO","potentialAction":[{"@type":"ReadAction","target":["https:\/\/comunicer.com\/?page_id=75"]}]},{"@type":"ImageObject","inLanguage":"es-CO","@id":"https:\/\/comunicer.com\/?page_id=75#primaryimage","url":"https:\/\/comunicer.com\/wp-content\/uploads\/2023\/12\/QR-COMU_WHAT.png","contentUrl":"https:\/\/comunicer.com\/wp-content\/uploads\/2023\/12\/QR-COMU_WHAT.png","width":500,"height":500},{"@type":"BreadcrumbList","@id":"https:\/\/comunicer.com\/?page_id=75#breadcrumb","itemListElement":[{"@type":"ListItem","position":1,"name":"Inicio","item":"https:\/\/comunicer.com\/"},{"@type":"ListItem","position":2,"name":"Contact Us"}]},{"@type":"WebSite","@id":"https:\/\/comunicer.com\/#website","url":"https:\/\/comunicer.com\/","name":"comunicer","description":"Somos un sistema digital de formaci\u00f3n flexible, oportuna e innovadora.","publisher":{"@id":"https:\/\/comunicer.com\/#organization"},"potentialAction":[{"@type":"SearchAction","target":{"@type":"EntryPoint","urlTemplate":"https:\/\/comunicer.com\/?s={search_term_string}"},"query-input":"required name=search_term_string"}],"inLanguage":"es-CO"},{"@type":"Organization","@id":"https:\/\/comunicer.com\/#organization","name":"Comunicer","url":"https:\/\/comunicer.com\/","logo":{"@type":"ImageObject","inLanguage":"es-CO","@id":"https:\/\/comunicer.com\/#\/schema\/logo\/image\/","url":"https:\/\/comunicer.com\/wp-content\/uploads\/2023\/11\/cropped-logo_comunicer__1_-removebg-preview-3.png","contentUrl":"https:\/\/comunicer.com\/wp-content\/uploads\/2023\/11\/cropped-logo_comunicer__1_-removebg-preview-3.png","width":512,"height":512,"caption":"Comunicer"},"image":{"@id":"https:\/\/comunicer.com\/#\/schema\/logo\/image\/"},"sameAs":["https:\/\/www.facebook.com\/profile.php?id=100090810842302","https:\/\/www.youtube.com\/@Comunicer"]}]}},"_links":{"self":[{"href":"https:\/\/comunicer.com\/index.php?rest_route=\/wp\/v2\/pages\/75","targetHints":{"allow":["GET"]}}],"collection":[{"href":"https:\/\/comunicer.com\/index.php?rest_route=\/wp\/v2\/pages"}],"about":[{"href":"https:\/\/comunicer.com\/index.php?rest_route=\/wp\/v2\/types\/page"}],"author":[{"embeddable":true,"href":"https:\/\/comunicer.com\/index.php?rest_route=\/wp\/v2\/users\/1"}],"replies":[{"embeddable":true,"href":"https:\/\/comunicer.com\/index.php?rest_route=%2Fwp%2Fv2%2Fcomments&post=75"}],"version-history":[{"count":63,"href":"https:\/\/comunicer.com\/index.php?rest_route=\/wp\/v2\/pages\/75\/revisions"}],"predecessor-version":[{"id":1146,"href":"https:\/\/comunicer.com\/index.php?rest_route=\/wp\/v2\/pages\/75\/revisions\/1146"}],"wp:attachment":[{"href":"https:\/\/comunicer.com\/index.php?rest_route=%2Fwp%2Fv2%2Fmedia&parent=75"}],"curies":[{"name":"wp","href":"https:\/\/api.w.org\/{rel}","templated":true}]}}